{"id":17223,"date":"2019-06-11T06:06:10","date_gmt":"2019-06-11T05:06:10","guid":{"rendered":"https:\/\/strudeldimele.dnshome.de\/?page_id=17223"},"modified":"2025-05-01T14:38:49","modified_gmt":"2025-05-01T12:38:49","slug":"links-vari","status":"publish","type":"page","link":"https:\/\/strudeldimele.dnshome.de\/index.php\/orchidee\/links-vari\/","title":{"rendered":"Links vari"},"content":{"rendered":"<p><strong><span style=\"color: #ff0000;\">Dove e da chi ho acquistato ( Shop on-line e non ) :<\/span><\/strong><\/p>\n<p><em><strong><a href=\"https:\/\/www.facebook.com\/jworchids\/\">Joseph Wu Orchids<\/a><\/strong><\/em><\/p>\n<p style=\"text-align: justify;\">Acquistato direttamente dal venditore, durante la Mostra a MontePorzio Catone &#8211; Roma<\/p>\n<p>&nbsp;<\/p>\n<p><strong><em><a href=\"https:\/\/ecuadorquideas.com\/\">Ecuadorquideas<\/a><\/em><\/strong> (Carmen)<br \/>\nAsamstra\u00c3\u0178e 21<br \/>\n85356 Freising<br \/>\nDeutschland<\/p>\n<p style=\"text-align: justify;\">Alcune immagini della serra a Freising: &#8211; <strong><a href=\"https:\/\/strudeldimele.dnshome.de\/index.php\/2015\/06\/14\/orchidee-della-serra-di-andreas\/\">uno<\/a><\/strong>\u00c2\u00a0\/\u00c2\u00a0<strong><a href=\"https:\/\/strudeldimele.dnshome.de\/index.php\/2019\/03\/24\/ancora-orchidee\/\">due <\/a><\/strong><\/p>\n<p>&nbsp;<\/p>\n<p><em><strong><a href=\"http:\/\/www.orchideen.com\/Shop\/\">Orchids &amp; More<\/a><\/strong><\/em><br \/>\nMayerbacherstra\u00c3\u0178e 94,<br \/>\n85737 Ismaning<br \/>\nDeutschland<\/p>\n<p style=\"text-align: justify;\"><em><strong><a href=\"https:\/\/strudeldimele.dnshome.de\/index.php\/2020\/08\/08\/ismaning-orchids-and-more\/\">Questa<\/a><\/strong><\/em> e&#8217; stata la mia visita presso di loro<\/p>\n<p>&nbsp;<\/p>\n<p><em><strong>OrchIDEENgarten<\/strong><\/em><br \/>\nBahnhofstra\u00c3\u0178e 24<br \/>\n21368 Dahlenburg<br \/>\nDeutschland<\/p>\n<p style=\"text-align: justify;\">Acquistato online, con ricezione perfetta. Ottimo servizio di assistenza.<\/p>\n","protected":false},"excerpt":{"rendered":"<p>Dove e da chi ho acquistato ( Shop on-line e non ) : Joseph Wu Orchids Acquistato direttamente dal venditore, durante la Mostra a MontePorzio Catone &#8211; Roma &nbsp; Ecuadorquideas (Carmen) Asamstra\u00c3\u0178e 21 85356 Freising Deutschland Alcune immagini della serra a Freising: &#8211; uno\u00c2\u00a0\/\u00c2\u00a0due &nbsp; Orchids &amp; More Mayerbacherstra\u00c3\u0178e 94, 85737 Ismaning Deutschland Questa e&#8217; &hellip; <\/p>\n<p class=\"link-more\"><a href=\"https:\/\/strudeldimele.dnshome.de\/index.php\/orchidee\/links-vari\/\" class=\"more-link\">Continue reading<span class=\"screen-reader-text\"> &#8220;Links vari&#8221;<\/span><\/a><\/p>\n","protected":false},"author":2,"featured_media":0,"parent":17216,"menu_order":0,"comment_status":"closed","ping_status":"closed","template":"","meta":{"footnotes":""},"class_list":["post-17223","page","type-page","status-publish","hentry"],"_links":{"self":[{"href":"https:\/\/strudeldimele.dnshome.de\/index.php\/wp-json\/wp\/v2\/pages\/17223","targetHints":{"allow":["GET"]}}],"collection":[{"href":"https:\/\/strudeldimele.dnshome.de\/index.php\/wp-json\/wp\/v2\/pages"}],"about":[{"href":"https:\/\/strudeldimele.dnshome.de\/index.php\/wp-json\/wp\/v2\/types\/page"}],"author":[{"embeddable":true,"href":"https:\/\/strudeldimele.dnshome.de\/index.php\/wp-json\/wp\/v2\/users\/2"}],"replies":[{"embeddable":true,"href":"https:\/\/strudeldimele.dnshome.de\/index.php\/wp-json\/wp\/v2\/comments?post=17223"}],"version-history":[{"count":15,"href":"https:\/\/strudeldimele.dnshome.de\/index.php\/wp-json\/wp\/v2\/pages\/17223\/revisions"}],"predecessor-version":[{"id":47939,"href":"https:\/\/strudeldimele.dnshome.de\/index.php\/wp-json\/wp\/v2\/pages\/17223\/revisions\/47939"}],"up":[{"embeddable":true,"href":"https:\/\/strudeldimele.dnshome.de\/index.php\/wp-json\/wp\/v2\/pages\/17216"}],"wp:attachment":[{"href":"https:\/\/strudeldimele.dnshome.de\/index.php\/wp-json\/wp\/v2\/media?parent=17223"}],"curies":[{"name":"wp","href":"https:\/\/api.w.org\/{rel}","templated":true}]}}